{"id":2,"date":"2024-04-04T17:25:21","date_gmt":"2024-04-04T15:25:21","guid":{"rendered":"https:\/\/heatstorage.berlin\/?page_id=2"},"modified":"2024-04-09T17:29:52","modified_gmt":"2024-04-09T15:29:52","slug":"beispiel-seite-2","status":"publish","type":"page","link":"https:\/\/heatstorage.berlin\/index.php\/beispiel-seite-2\/","title":{"rendered":"Home"},"content":{"rendered":"<section  class='av_textblock_section av-4quc-64e6156050443f965fc783fdb0aa5ad6 '   itemscope=\"itemscope\" itemtype=\"https:\/\/schema.org\/CreativeWork\" ><div class='avia_textblock'  itemprop=\"text\" ><p>Dies ist eine Beispiel-Seite. Sie unterscheidet sich von Beitr\u00e4gen, da sie stets an derselben Stelle bleibt und (bei den meisten Themes) in der Website-Navigation angezeigt wird. Die meisten starten mit einem Impressum, der Datenschutzerkl\u00e4rung oder einer \u201e\u00dcber\u00a0uns\u201c-Seite, um sich potenziellen Besuchern der Website vorzustellen. Dort k\u00f6nnte zum Beispiel stehen:<\/p>\n<p>&#8230;\u00a0oder so etwas wie:<\/p>\n<p>Als neuer WordPress-Benutzer solltest du <a href=\"https:\/\/heatstorage.berlin\/wp-admin\/\">dein Dashboard<\/a> aufrufen, um diese Seite zu l\u00f6schen und neue Seiten und Beitr\u00e4ge f\u00fcr deine Website erstellen. Viel Spa\u00df!<\/p>\n<\/div><\/section>\n<div  class='avia-video av-2tvu-1b14aac2e2148c1439343409a5fe32ff avia-video-16-9 av-no-preview-image avia-video-load-always av-lazyload-immediate av-lazyload-video-embed'  itemprop=\"video\" itemtype=\"https:\/\/schema.org\/VideoObject\"  data-original_url='https:\/\/heatstorage.berlin\/wp-content\/uploads\/2024\/04\/AdobeStock_537799180_Video_HD_Preview.mov'><script type='text\/html' class='av-video-tmpl'><a href=\"https:\/\/heatstorage.berlin\/wp-content\/uploads\/2024\/04\/AdobeStock_537799180_Video_HD_Preview.mov\">https:\/\/heatstorage.berlin\/wp-content\/uploads\/2024\/04\/AdobeStock_537799180_Video_HD_Preview.mov<\/a><\/script><div class='av-click-to-play-overlay'><div class=\"avia_playpause_icon\"><\/div><\/div><\/div>\n","protected":false},"excerpt":{"rendered":"","protected":false},"author":1,"featured_media":0,"parent":0,"menu_order":0,"comment_status":"closed","ping_status":"open","template":"","meta":{"footnotes":""},"class_list":["post-2","page","type-page","status-publish","hentry"],"_links":{"self":[{"href":"https:\/\/heatstorage.berlin\/index.php\/wp-json\/wp\/v2\/pages\/2","targetHints":{"allow":["GET"]}}],"collection":[{"href":"https:\/\/heatstorage.berlin\/index.php\/wp-json\/wp\/v2\/pages"}],"about":[{"href":"https:\/\/heatstorage.berlin\/index.php\/wp-json\/wp\/v2\/types\/page"}],"author":[{"embeddable":true,"href":"https:\/\/heatstorage.berlin\/index.php\/wp-json\/wp\/v2\/users\/1"}],"replies":[{"embeddable":true,"href":"https:\/\/heatstorage.berlin\/index.php\/wp-json\/wp\/v2\/comments?post=2"}],"version-history":[{"count":5,"href":"https:\/\/heatstorage.berlin\/index.php\/wp-json\/wp\/v2\/pages\/2\/revisions"}],"predecessor-version":[{"id":3230,"href":"https:\/\/heatstorage.berlin\/index.php\/wp-json\/wp\/v2\/pages\/2\/revisions\/3230"}],"wp:attachment":[{"href":"https:\/\/heatstorage.berlin\/index.php\/wp-json\/wp\/v2\/media?parent=2"}],"curies":[{"name":"wp","href":"https:\/\/api.w.org\/{rel}","templated":true}]}}